{"id":629,"date":"2020-11-19T18:27:07","date_gmt":"2020-11-19T18:27:07","guid":{"rendered":"http:\/\/www.obrazykprodeji.cz\/?page_id=629"},"modified":"2021-10-28T09:27:54","modified_gmt":"2021-10-28T09:27:54","slug":"o-nas","status":"publish","type":"page","link":"https:\/\/www.obrazykprodeji.cz\/?page_id=629","title":{"rendered":"O n\u00e1s"},"content":{"rendered":"\n<p>Olej na pl\u00e1tn\u011b, akryl na pl\u00e1tn\u011b.<\/p>\n\n\n\n<p>Ve\u0161ker\u00e9 obrazy jsou origin\u00e1ly. V\u00fdtvarn\u00edci vystavuj\u00ed d\u00e9le ne\u017e patn\u00e1ct let.<br>Sdru\u017euj\u00ed se ve V\u00fdtvarn\u00e9m spolku Hru\u0161ka z.s. a ve spolku V\u00fdtvarn\u00edci \u010cesk\u00e9ho r\u00e1je<\/p>\n\n\n\n<p><a href=\"http:\/\/www.artistsprague.com\" target=\"_blank\" rel=\"noreferrer noopener\">www.artistsprague.com<br><\/a><a href=\"http:\/\/www.vytvarniciceskehoraje.cz\" target=\"_blank\" rel=\"noreferrer noopener\">www.vytvarniciceskehoraje.cz<\/a><\/p>\n","protected":false},"excerpt":{"rendered":"<p>Olej na pl\u00e1tn\u011b, akryl na pl\u00e1tn\u011b. Ve\u0161ker\u00e9 obrazy jsou origin\u00e1ly. V\u00fdtvarn\u00edci vystavuj\u00ed d\u00e9le ne\u017e patn\u00e1ct let.Sdru\u017euj\u00ed se ve V\u00fdtvarn\u00e9m spolku Hru\u0161ka z.s. a ve spolku V\u00fdtvarn\u00edci \u010cesk\u00e9ho r\u00e1je www.artistsprague.comwww.vytvarniciceskehoraje.cz<\/p>\n","protected":false},"author":2,"featured_media":0,"parent":0,"menu_order":0,"comment_status":"closed","ping_status":"closed","template":"","meta":{"footnotes":""},"class_list":["post-629","page","type-page","status-publish","hentry"],"yoast_head":"<!-- This site is optimized with the Yoast SEO plugin v27.4 - https:\/\/yoast.com\/product\/yoast-seo-wordpress\/ -->\n<title>O n\u00e1s - Obrazy k prodeji<\/title>\n<meta name=\"robots\" content=\"index, follow, max-snippet:-1, max-image-preview:large, max-video-preview:-1\" \/>\n<link rel=\"canonical\" href=\"https:\/\/www.obrazykprodeji.cz\/?page_id=629\" \/>\n<meta property=\"og:locale\" content=\"cs_CZ\" \/>\n<meta property=\"og:type\" content=\"article\" \/>\n<meta property=\"og:title\" content=\"O n\u00e1s - Obrazy k prodeji\" \/>\n<meta property=\"og:description\" content=\"Olej na pl\u00e1tn\u011b, akryl na pl\u00e1tn\u011b. Ve\u0161ker\u00e9 obrazy jsou origin\u00e1ly. V\u00fdtvarn\u00edci vystavuj\u00ed d\u00e9le ne\u017e patn\u00e1ct let.Sdru\u017euj\u00ed se ve V\u00fdtvarn\u00e9m spolku Hru\u0161ka z.s. a ve spolku V\u00fdtvarn\u00edci \u010cesk\u00e9ho r\u00e1je www.artistsprague.comwww.vytvarniciceskehoraje.cz\" \/>\n<meta property=\"og:url\" content=\"https:\/\/www.obrazykprodeji.cz\/?page_id=629\" \/>\n<meta property=\"og:site_name\" content=\"Obrazy k prodeji\" \/>\n<meta property=\"article:modified_time\" content=\"2021-10-28T09:27:54+00:00\" \/>\n<meta name=\"twitter:card\" content=\"summary_large_image\" \/>\n<meta name=\"twitter:label1\" content=\"Odhadovan\u00e1 doba \u010dten\u00ed\" \/>\n\t<meta name=\"twitter:data1\" content=\"1 minuta\" \/>\n<script type=\"application\/ld+json\" class=\"yoast-schema-graph\">{\"@context\":\"https:\\\/\\\/schema.org\",\"@graph\":[{\"@type\":\"WebPage\",\"@id\":\"https:\\\/\\\/www.obrazykprodeji.cz\\\/?page_id=629\",\"url\":\"https:\\\/\\\/www.obrazykprodeji.cz\\\/?page_id=629\",\"name\":\"O n\u00e1s - Obrazy k prodeji\",\"isPartOf\":{\"@id\":\"https:\\\/\\\/www.obrazykprodeji.cz\\\/#website\"},\"datePublished\":\"2020-11-19T18:27:07+00:00\",\"dateModified\":\"2021-10-28T09:27:54+00:00\",\"breadcrumb\":{\"@id\":\"https:\\\/\\\/www.obrazykprodeji.cz\\\/?page_id=629#breadcrumb\"},\"inLanguage\":\"cs\",\"potentialAction\":[{\"@type\":\"ReadAction\",\"target\":[\"https:\\\/\\\/www.obrazykprodeji.cz\\\/?page_id=629\"]}]},{\"@type\":\"BreadcrumbList\",\"@id\":\"https:\\\/\\\/www.obrazykprodeji.cz\\\/?page_id=629#breadcrumb\",\"itemListElement\":[{\"@type\":\"ListItem\",\"position\":1,\"name\":\"Dom\u016f\",\"item\":\"https:\\\/\\\/www.obrazykprodeji.cz\\\/\"},{\"@type\":\"ListItem\",\"position\":2,\"name\":\"O n\u00e1s\"}]},{\"@type\":\"WebSite\",\"@id\":\"https:\\\/\\\/www.obrazykprodeji.cz\\\/#website\",\"url\":\"https:\\\/\\\/www.obrazykprodeji.cz\\\/\",\"name\":\"Obrazy k prodeji\",\"description\":\"Origin\u00e1ln\u00ed obrazy na prodej\",\"potentialAction\":[{\"@type\":\"SearchAction\",\"target\":{\"@type\":\"EntryPoint\",\"urlTemplate\":\"https:\\\/\\\/www.obrazykprodeji.cz\\\/?s={search_term_string}\"},\"query-input\":{\"@type\":\"PropertyValueSpecification\",\"valueRequired\":true,\"valueName\":\"search_term_string\"}}],\"inLanguage\":\"cs\"}]}<\/script>\n<!-- \/ Yoast SEO plugin. -->","yoast_head_json":{"title":"O n\u00e1s - Obrazy k prodeji","robots":{"index":"index","follow":"follow","max-snippet":"max-snippet:-1","max-image-preview":"max-image-preview:large","max-video-preview":"max-video-preview:-1"},"canonical":"https:\/\/www.obrazykprodeji.cz\/?page_id=629","og_locale":"cs_CZ","og_type":"article","og_title":"O n\u00e1s - Obrazy k prodeji","og_description":"Olej na pl\u00e1tn\u011b, akryl na pl\u00e1tn\u011b. Ve\u0161ker\u00e9 obrazy jsou origin\u00e1ly. V\u00fdtvarn\u00edci vystavuj\u00ed d\u00e9le ne\u017e patn\u00e1ct let.Sdru\u017euj\u00ed se ve V\u00fdtvarn\u00e9m spolku Hru\u0161ka z.s. a ve spolku V\u00fdtvarn\u00edci \u010cesk\u00e9ho r\u00e1je www.artistsprague.comwww.vytvarniciceskehoraje.cz","og_url":"https:\/\/www.obrazykprodeji.cz\/?page_id=629","og_site_name":"Obrazy k prodeji","article_modified_time":"2021-10-28T09:27:54+00:00","twitter_card":"summary_large_image","twitter_misc":{"Odhadovan\u00e1 doba \u010dten\u00ed":"1 minuta"},"schema":{"@context":"https:\/\/schema.org","@graph":[{"@type":"WebPage","@id":"https:\/\/www.obrazykprodeji.cz\/?page_id=629","url":"https:\/\/www.obrazykprodeji.cz\/?page_id=629","name":"O n\u00e1s - Obrazy k prodeji","isPartOf":{"@id":"https:\/\/www.obrazykprodeji.cz\/#website"},"datePublished":"2020-11-19T18:27:07+00:00","dateModified":"2021-10-28T09:27:54+00:00","breadcrumb":{"@id":"https:\/\/www.obrazykprodeji.cz\/?page_id=629#breadcrumb"},"inLanguage":"cs","potentialAction":[{"@type":"ReadAction","target":["https:\/\/www.obrazykprodeji.cz\/?page_id=629"]}]},{"@type":"BreadcrumbList","@id":"https:\/\/www.obrazykprodeji.cz\/?page_id=629#breadcrumb","itemListElement":[{"@type":"ListItem","position":1,"name":"Dom\u016f","item":"https:\/\/www.obrazykprodeji.cz\/"},{"@type":"ListItem","position":2,"name":"O n\u00e1s"}]},{"@type":"WebSite","@id":"https:\/\/www.obrazykprodeji.cz\/#website","url":"https:\/\/www.obrazykprodeji.cz\/","name":"Obrazy k prodeji","description":"Origin\u00e1ln\u00ed obrazy na prodej","potentialAction":[{"@type":"SearchAction","target":{"@type":"EntryPoint","urlTemplate":"https:\/\/www.obrazykprodeji.cz\/?s={search_term_string}"},"query-input":{"@type":"PropertyValueSpecification","valueRequired":true,"valueName":"search_term_string"}}],"inLanguage":"cs"}]}},"_links":{"self":[{"href":"https:\/\/www.obrazykprodeji.cz\/index.php?rest_route=\/wp\/v2\/pages\/629","targetHints":{"allow":["GET"]}}],"collection":[{"href":"https:\/\/www.obrazykprodeji.cz\/index.php?rest_route=\/wp\/v2\/pages"}],"about":[{"href":"https:\/\/www.obrazykprodeji.cz\/index.php?rest_route=\/wp\/v2\/types\/page"}],"author":[{"embeddable":true,"href":"https:\/\/www.obrazykprodeji.cz\/index.php?rest_route=\/wp\/v2\/users\/2"}],"replies":[{"embeddable":true,"href":"https:\/\/www.obrazykprodeji.cz\/index.php?rest_route=%2Fwp%2Fv2%2Fcomments&post=629"}],"version-history":[{"count":4,"href":"https:\/\/www.obrazykprodeji.cz\/index.php?rest_route=\/wp\/v2\/pages\/629\/revisions"}],"predecessor-version":[{"id":2048,"href":"https:\/\/www.obrazykprodeji.cz\/index.php?rest_route=\/wp\/v2\/pages\/629\/revisions\/2048"}],"wp:attachment":[{"href":"https:\/\/www.obrazykprodeji.cz\/index.php?rest_route=%2Fwp%2Fv2%2Fmedia&parent=629"}],"curies":[{"name":"wp","href":"https:\/\/api.w.org\/{rel}","templated":true}]}}