{"id":646,"date":"2020-11-19T18:44:23","date_gmt":"2020-11-19T18:44:23","guid":{"rendered":"http:\/\/www.obrazykprodeji.cz\/?page_id=646"},"modified":"2020-11-24T17:13:58","modified_gmt":"2020-11-24T17:13:58","slug":"obchodni-podminky","status":"publish","type":"page","link":"https:\/\/www.obrazykprodeji.cz\/?page_id=646","title":{"rendered":"Obchodn\u00ed podm\u00ednky"},"content":{"rendered":"\n<h2 class=\"has-medium-font-size wp-block-heading\">Z\u00e1kladn\u00ed ustanoven\u00ed<\/h2>\n\n\n\n<p>Tyto obchodn\u00ed podm\u00ednky (d\u00e1le jen OP) upravuj\u00ed vztahy mezi prod\u00e1vaj\u00edc\u00edm, zprost\u0159edkovatelem a kupuj\u00edc\u00edm v oblasti prodeje zbo\u017e\u00ed. Pr\u00e1vn\u00ed vztahy prod\u00e1vaj\u00edc\u00edho s kupuj\u00edc\u00edm v\u00fdslovn\u011b neupraven\u00e9 t\u011bmito OP se \u0159\u00edd\u00ed p\u0159\u00edslu\u0161n\u00fdmi ustanoven\u00edmi z\u00e1kona \u010d.40\/1964 Sb., Ob\u010dansk\u00fd z\u00e1kon\u00edk, (d\u00e1le jen Z\u00e1kon) jako\u017e i p\u0159edpisy souvisej\u00edc\u00edmi.<\/p>\n\n\n\n<p><strong>Prod\u00e1vaj\u00edc\u00edm<\/strong> (d\u00e1le jen Prodejce) je autor dan\u00e9ho obrazu, platba bude realizov\u00e1na p\u0159\u00edmo jemu.<\/p>\n\n\n\n<p><strong>Zprost\u0159edkovatelem prodeje<\/strong>\u00a0(d\u00e1le jen Zprost\u0159edkovatel) je Veronika \u0160t\u011btinov\u00e1 Stonjekov\u00e1, adresa: Na Skalce 70, 294 02 Kn\u011b\u017emost, I\u010cO:\u00a076535096.<\/p>\n\n\n\n<p><strong>Kupuj\u00edc\u00edm<\/strong>&nbsp;(d\u00e1le jen Kupuj\u00edc\u00ed) je subjekt, kter\u00fd s Prod\u00e1vaj\u00edc\u00edm uzav\u0159el smlouvu nebo \u00fastn\u00ed dohodu o koupi zbo\u017e\u00ed.<\/p>\n\n\n\n<p>Zbo\u017e\u00ed je dod\u00e1no zp\u016fsobem, kter\u00fd si Kupuj\u00edc\u00ed sjedn\u00e1 s Prod\u00e1vaj\u00edc\u00edm. Mo\u017enost\u00ed je osobn\u00ed odb\u011br na sjednan\u00e9m m\u00edst\u011b nebo dod\u00e1n\u00ed ve\u0159ejnou dopravn\u00ed slu\u017ebou.<\/p>\n\n\n\n<h2 class=\"has-medium-font-size wp-block-heading\">Ochrana osobn\u00edch \u00fadaj\u016f<\/h2>\n\n\n\n<p>Prod\u00e1vaj\u00edc\u00ed prohla\u0161uje, \u017ee ve\u0161ker\u00e9 osobn\u00ed \u00fadaje sv\u011b\u0159en\u00e9 Kupuj\u00edc\u00edm jsou d\u016fv\u011brn\u00e9 a budou pou\u017eity pouze k uskute\u010dn\u011bn\u00ed pln\u011bn\u00ed smlouvy s Kupuj\u00edc\u00edm. Nebudou nijak zve\u0159ejn\u011bny \u010di poskytnuty t\u0159et\u00ed osob\u011b apod. s v\u00fdjimkou situace souvisej\u00edc\u00ed s distribuc\u00ed objednan\u00e9ho zbo\u017e\u00ed.<\/p>\n\n\n\n<h2 class=\"has-medium-font-size wp-block-heading\">Odstoupen\u00ed od smlouvy<\/h2>\n\n\n\n<p>V souladu se z\u00e1konem \u010d.367\/2000 Sb., m\u00e1 Kupuj\u00edc\u00ed pr\u00e1vo odstoupit od smlouvy do 14 dn\u00ed od p\u0159evzet\u00ed zbo\u017e\u00ed v p\u0159\u00edpad\u011b, \u017ee zbo\u017e\u00ed objednal jinak ne\u017e osobn\u011b a bylo mu doru\u010deno libovolnou p\u0159epravn\u00ed slu\u017ebou. Toto pr\u00e1vo je podm\u00edn\u011bno n\u00e1kupem jako fyzick\u00e1 osoba (nikoliv na I\u010c).<\/p>\n\n\n\n<p>Pokud se tak Kupuj\u00edc\u00ed rozhodne, mus\u00ed nepo\u0161kozen\u00e9 zbo\u017e\u00ed bez zn\u00e1mek u\u017e\u00edv\u00e1n\u00ed nebo opot\u0159ebov\u00e1n\u00ed v p\u016fvodn\u00edm obalu poslat zp\u011bt v uveden\u00e9 lh\u016ft\u011b (ur\u010duj\u00edc\u00ed je datum odesl\u00e1n\u00ed) na adresu ur\u010denou Prod\u00e1vaj\u00edc\u00edm.<\/p>\n\n\n\n<h2 class=\"has-medium-font-size wp-block-heading\">Ceny<\/h2>\n\n\n\n<p>Uveden\u00e9 ceny jsou maloobchodn\u00ed s DPH 21% a nezahrnuj\u00ed cenu p\u0159epravy.<\/p>\n\n\n\n<h2 class=\"has-medium-font-size wp-block-heading\">Zp\u016fsob platby<\/h2>\n\n\n\n<p>Platby za zbo\u017e\u00ed se prov\u00e1d\u00ed dvoj\u00edm zp\u016fsobem:<\/p>\n\n\n\n<p>1.&nbsp;&nbsp;&nbsp;&nbsp;&nbsp;Zaplacen\u00ed p\u0159i odb\u011bru od p\u0159epravn\u00ed firmy (dob\u00edrka).<\/p>\n\n\n\n<p>2.&nbsp;&nbsp;&nbsp;&nbsp;&nbsp;Zaplacen\u00ed p\u0159i p\u0159evzet\u00ed zbo\u017e\u00ed.<\/p>\n\n\n\n<p>3.&nbsp;&nbsp;&nbsp;&nbsp;&nbsp;P\u0159edplacen\u00ed (po obdr\u017een\u00ed objedn\u00e1vky za\u0161leme fakturu pro-forma), po obdr\u017een\u00ed p\u0159\u00edslu\u0161n\u00e9 \u010d\u00e1stky na b.\u00fa. doch\u00e1z\u00ed k vysl\u00e1n\u00ed z\u00e1silky.<\/p>\n\n\n\n<p>P\u0159i vypl\u0148ov\u00e1n\u00ed objedn\u00e1vky je zapot\u0159eb\u00ed doplnit zp\u016fsob platby.<\/p>\n\n\n\n<h2 class=\"has-medium-font-size wp-block-heading\">Objedn\u00e1vky<\/h2>\n\n\n\n<p>Objedn\u00e1vky lze zas\u00edlat v\u00fdhradn\u011b prost\u0159ednictv\u00edm elektronick\u00e9 po\u0161ty nebo objedn\u00e1vkov\u00e9ho formul\u00e1\u0159e na www.obrazykprodeji.cz<\/p>\n\n\n\n<p>V obsahu objedn\u00e1vky nesm\u00ed chyb\u011bt: Jm\u00e9no, P\u0159\u00edjmen\u00ed, Ulice, PS\u010c, M\u011bsto, telefon, Dodac\u00ed a faktura\u010dn\u00ed adresa, (v p\u0159\u00edpad\u011b dal\u0161\u00edch prodejc\u016f, nav\u00edc I\u010c, DI\u010c, N\u00e1zev firmy).<\/p>\n\n\n\n<h2 class=\"has-medium-font-size wp-block-heading\" id=\"block-49eea4eb-b594-43c2-bf89-2f4fd0565ce8\">Z\u00e1ru\u010dn\u00ed podm\u00ednky<\/h2>\n\n\n\n<p>D\u00e9lka z\u00e1ru\u010dn\u00ed doby se \u0159\u00edd\u00ed platn\u00fdmi ustanoven\u00edmi Z\u00e1kona, \u010din\u00ed tedy minim\u00e1ln\u011b 24 m\u011bs\u00edc\u016f, s v\u00fdjimkami stanoven\u00fdmi Z\u00e1konem. Z\u00e1ru\u010dn\u00ed doba za\u010d\u00edn\u00e1 b\u011b\u017eet od p\u0159evzet\u00ed zbo\u017e\u00ed Kupuj\u00edc\u00edm.<\/p>\n\n\n\n<p>Kupuj\u00edc\u00ed je povinen ve vlastn\u00edm z\u00e1jmu zajistit prohl\u00eddku zbo\u017e\u00ed co nejd\u0159\u00edve po jeho p\u0159evzet\u00ed a zji\u0161t\u011bn\u00e9 vady ozn\u00e1mit neprodlen\u011b prod\u00e1vaj\u00edc\u00edmu. Je-li zbo\u017e\u00ed Kupuj\u00edc\u00edmu dod\u00e1no v poru\u0161en\u00e9m transportn\u00edm obalu, je Kupuj\u00edc\u00ed opr\u00e1vn\u011bn zbo\u017e\u00ed nep\u0159evz\u00edt. P\u0159evezme li p\u0159esto kupujic\u00ed zbo\u017e\u00ed v po\u0161kozen\u00e9m obalu, nem\u016f\u017ee ji\u017e na tuto skute\u010dnost uplat\u0148ovat z\u00e1ruku.<\/p>\n\n\n\n<p>P\u0159i dod\u00e1n\u00ed zbo\u017e\u00ed ve\u0159ejnou dopravn\u00ed slu\u017ebou se reklamace zbo\u017e\u00ed po\u0161kozen\u00e9ho p\u0159i p\u0159eprav\u011b \u0159\u00edd\u00ed reklama\u010dn\u00edm \u0159\u00e1dem doty\u010dn\u00e9ho p\u0159epravce. Takto zp\u016fsoben\u00e9 vady zbo\u017e\u00ed nelze reklamovat u Prod\u00e1vaj\u00edc\u00edho.<\/p>\n\n\n\n<p>V p\u0159\u00edpad\u011b, \u017ee se po p\u0159evzet\u00ed zbo\u017e\u00ed Kupuj\u00edc\u00edm vyskytnou v z\u00e1ru\u010dn\u00ed dob\u011b vady zbo\u017e\u00ed, m\u016f\u017ee Kupuj\u00edc\u00ed u Prod\u00e1vaj\u00edc\u00edho bez zbyte\u010dn\u00e9ho odkladu uplatnit svou opr\u00e1vn\u011bnou reklamaci.<\/p>\n\n\n\n<p>Prod\u00e1vaj\u00edc\u00ed neodpov\u00edd\u00e1 za vady, na kter\u00e9 byl Kupuj\u00edc\u00ed v dob\u011b uzav\u00edr\u00e1n\u00ed smlouvy upozorn\u011bn.<\/p>\n\n\n\n<p>Kupuj\u00edc\u00ed je opr\u00e1vn\u011bn odstoupit od smlouvy ve v\u0161ech p\u0159\u00edpadech stanoven\u00fdch Z\u00e1konem. V p\u0159\u00edpad\u011b odstoupen\u00ed od smlouvy se smlouva od po\u010d\u00e1tku ru\u0161\u00ed a smluvn\u00ed strany jsou si povinny vr\u00e1tit v\u0161e, co si na jej\u00edm z\u00e1klad\u011b poskytly.<\/p>\n\n\n\n<p>Reklamace se uplat\u0148uj\u00ed v m\u00edst\u011b k tomu ur\u010den\u00e9m Prod\u00e1vaj\u00edc\u00edm. V\u00fdjimku m\u016f\u017ee ud\u011blit Prod\u00e1vaj\u00edc\u00ed na z\u00e1klad\u011b domluvy s Kupuj\u00edc\u00edm (p\u00edsemn\u011b, telefonicky, e-mailem) s p\u0159ihl\u00e9dnut\u00edm k okolnostem a p\u0159ek\u00e1\u017ek\u00e1m na stran\u011b Kupuj\u00edc\u00edho (nap\u0159. dostupnost).<\/p>\n\n\n\n<p>Reklamace v\u010detn\u011b odstran\u011bn\u00ed vady bude vy\u0159\u00edzena bez zbyte\u010dn\u00e9ho odkladu, nejpozd\u011bji do 30 dn\u016f ode dne uplatn\u011bn\u00ed reklamace, pokud se prod\u00e1vaj\u00edc\u00ed s Kupuj\u00edc\u00edm nedohodnou na del\u0161\u00ed lh\u016ft\u011b. Po uplynut\u00ed t\u00e9to lh\u016fty se Kupuj\u00edc\u00edmu p\u0159izn\u00e1vaj\u00ed stejn\u00e1 pr\u00e1va, jako by se jednalo o neodstranitelnou vadu.<\/p>\n\n\n\n<p>Kupuj\u00edc\u00ed mus\u00ed vadn\u00e9 zbo\u017e\u00ed zaslat na vlastn\u00ed n\u00e1klady na adresu ur\u010denou Prod\u00e1vaj\u00edc\u00edm. Bal\u00edk mus\u00ed b\u00fdt ozna\u010den viditeln\u011b &#8222;Reklamace&#8220; a obsahovat:<\/p>\n\n\n\n<ul class=\"wp-block-list\"><li>reklamovan\u00e9 zbo\u017e\u00ed (v\u010d. kompletn\u00edho p\u0159\u00edslu\u0161enstv\u00ed)<\/li><li>kopii n\u00e1kupn\u00edho dokladu (z\u00e1ru\u010dn\u00ed list)<\/li><li>podrobn\u00fd popis z\u00e1vady<\/li><li>dostate\u010dn\u00e9 kontaktn\u00ed \u00fadaje Kupuj\u00edc\u00edho (adresa, telefonn\u00ed \u010d\u00edslo)<\/li><\/ul>\n\n\n\n<p>Zp\u00e1te\u010dn\u00ed cestu (po vy\u0159\u00edzen\u00ed opr\u00e1vn\u011bn\u00e9 reklamace) hrad\u00ed Prod\u00e1vaj\u00edc\u00ed.<\/p>\n\n\n\n<p>V p\u0159\u00edpad\u011b neopr\u00e1vn\u011bn\u00e9 reklamace (z\u00e1vada vznikla \u0161patn\u00fdm pou\u017eit\u00edm nebo chybnou manipulac\u00ed apod.) bude Kupuj\u00edc\u00edmu \u00fa\u010dtov\u00e1n poplatek za lokalizaci a opravu z\u00e1vady a zbo\u017e\u00ed bude na n\u00e1klady Kupuj\u00edc\u00edho zasl\u00e1no na jeho adresu. Kupuj\u00edc\u00ed je povinen toto uhradit ve stanoven\u00e9m term\u00ednu, nejpozd\u011bji v\u0161ak do 14 (\u010dtrn\u00e1cti) dn\u016f od ukon\u010den\u00ed reklama\u010dn\u00edho \u0159\u00edzen\u00ed.<\/p>\n","protected":false},"excerpt":{"rendered":"<p>Z\u00e1kladn\u00ed ustanoven\u00ed Tyto obchodn\u00ed podm\u00ednky (d\u00e1le jen OP) upravuj\u00ed vztahy mezi prod\u00e1vaj\u00edc\u00edm, zprost\u0159edkovatelem a kupuj\u00edc\u00edm v oblasti prodeje zbo\u017e\u00ed. Pr\u00e1vn\u00ed vztahy prod\u00e1vaj\u00edc\u00edho s kupuj\u00edc\u00edm v\u00fdslovn\u011b neupraven\u00e9 t\u011bmito OP se \u0159\u00edd\u00ed p\u0159\u00edslu\u0161n\u00fdmi ustanoven\u00edmi z\u00e1kona \u010d.40\/1964 Sb., Ob\u010dansk\u00fd z\u00e1kon\u00edk, (d\u00e1le jen Z\u00e1kon) jako\u017e i p\u0159edpisy souvisej\u00edc\u00edmi. Prod\u00e1vaj\u00edc\u00edm (d\u00e1le jen Prodejce) je autor dan\u00e9ho obrazu, platba bude realizov\u00e1na [&hellip;]<\/p>\n","protected":false},"author":2,"featured_media":0,"parent":0,"menu_order":0,"comment_status":"closed","ping_status":"closed","template":"","meta":{"footnotes":""},"class_list":["post-646","page","type-page","status-publish","hentry"],"yoast_head":"<!-- This site is optimized with the Yoast SEO plugin v27.5 - https:\/\/yoast.com\/product\/yoast-seo-wordpress\/ -->\n<title>Obchodn\u00ed podm\u00ednky - Obrazy k prodeji<\/title>\n<meta name=\"robots\" content=\"index, follow, max-snippet:-1, max-image-preview:large, max-video-preview:-1\" \/>\n<link rel=\"canonical\" href=\"https:\/\/www.obrazykprodeji.cz\/?page_id=646\" \/>\n<meta property=\"og:locale\" content=\"cs_CZ\" \/>\n<meta property=\"og:type\" content=\"article\" \/>\n<meta property=\"og:title\" content=\"Obchodn\u00ed podm\u00ednky - Obrazy k prodeji\" \/>\n<meta property=\"og:description\" content=\"Z\u00e1kladn\u00ed ustanoven\u00ed Tyto obchodn\u00ed podm\u00ednky (d\u00e1le jen OP) upravuj\u00ed vztahy mezi prod\u00e1vaj\u00edc\u00edm, zprost\u0159edkovatelem a kupuj\u00edc\u00edm v oblasti prodeje zbo\u017e\u00ed. Pr\u00e1vn\u00ed vztahy prod\u00e1vaj\u00edc\u00edho s kupuj\u00edc\u00edm v\u00fdslovn\u011b neupraven\u00e9 t\u011bmito OP se \u0159\u00edd\u00ed p\u0159\u00edslu\u0161n\u00fdmi ustanoven\u00edmi z\u00e1kona \u010d.40\/1964 Sb., Ob\u010dansk\u00fd z\u00e1kon\u00edk, (d\u00e1le jen Z\u00e1kon) jako\u017e i p\u0159edpisy souvisej\u00edc\u00edmi. Prod\u00e1vaj\u00edc\u00edm (d\u00e1le jen Prodejce) je autor dan\u00e9ho obrazu, platba bude realizov\u00e1na [&hellip;]\" \/>\n<meta property=\"og:url\" content=\"https:\/\/www.obrazykprodeji.cz\/?page_id=646\" \/>\n<meta property=\"og:site_name\" content=\"Obrazy k prodeji\" \/>\n<meta property=\"article:modified_time\" content=\"2020-11-24T17:13:58+00:00\" \/>\n<meta name=\"twitter:card\" content=\"summary_large_image\" \/>\n<meta name=\"twitter:label1\" content=\"Odhadovan\u00e1 doba \u010dten\u00ed\" \/>\n\t<meta name=\"twitter:data1\" content=\"5 minut\" \/>\n<script type=\"application\/ld+json\" class=\"yoast-schema-graph\">{\"@context\":\"https:\\\/\\\/schema.org\",\"@graph\":[{\"@type\":\"WebPage\",\"@id\":\"https:\\\/\\\/www.obrazykprodeji.cz\\\/?page_id=646\",\"url\":\"https:\\\/\\\/www.obrazykprodeji.cz\\\/?page_id=646\",\"name\":\"Obchodn\u00ed podm\u00ednky - Obrazy k prodeji\",\"isPartOf\":{\"@id\":\"https:\\\/\\\/www.obrazykprodeji.cz\\\/#website\"},\"datePublished\":\"2020-11-19T18:44:23+00:00\",\"dateModified\":\"2020-11-24T17:13:58+00:00\",\"breadcrumb\":{\"@id\":\"https:\\\/\\\/www.obrazykprodeji.cz\\\/?page_id=646#breadcrumb\"},\"inLanguage\":\"cs\",\"potentialAction\":[{\"@type\":\"ReadAction\",\"target\":[\"https:\\\/\\\/www.obrazykprodeji.cz\\\/?page_id=646\"]}]},{\"@type\":\"BreadcrumbList\",\"@id\":\"https:\\\/\\\/www.obrazykprodeji.cz\\\/?page_id=646#breadcrumb\",\"itemListElement\":[{\"@type\":\"ListItem\",\"position\":1,\"name\":\"Dom\u016f\",\"item\":\"https:\\\/\\\/www.obrazykprodeji.cz\\\/\"},{\"@type\":\"ListItem\",\"position\":2,\"name\":\"Obchodn\u00ed podm\u00ednky\"}]},{\"@type\":\"WebSite\",\"@id\":\"https:\\\/\\\/www.obrazykprodeji.cz\\\/#website\",\"url\":\"https:\\\/\\\/www.obrazykprodeji.cz\\\/\",\"name\":\"Obrazy k prodeji\",\"description\":\"Origin\u00e1ln\u00ed obrazy na prodej\",\"potentialAction\":[{\"@type\":\"SearchAction\",\"target\":{\"@type\":\"EntryPoint\",\"urlTemplate\":\"https:\\\/\\\/www.obrazykprodeji.cz\\\/?s={search_term_string}\"},\"query-input\":{\"@type\":\"PropertyValueSpecification\",\"valueRequired\":true,\"valueName\":\"search_term_string\"}}],\"inLanguage\":\"cs\"}]}<\/script>\n<!-- \/ Yoast SEO plugin. -->","yoast_head_json":{"title":"Obchodn\u00ed podm\u00ednky - Obrazy k prodeji","robots":{"index":"index","follow":"follow","max-snippet":"max-snippet:-1","max-image-preview":"max-image-preview:large","max-video-preview":"max-video-preview:-1"},"canonical":"https:\/\/www.obrazykprodeji.cz\/?page_id=646","og_locale":"cs_CZ","og_type":"article","og_title":"Obchodn\u00ed podm\u00ednky - Obrazy k prodeji","og_description":"Z\u00e1kladn\u00ed ustanoven\u00ed Tyto obchodn\u00ed podm\u00ednky (d\u00e1le jen OP) upravuj\u00ed vztahy mezi prod\u00e1vaj\u00edc\u00edm, zprost\u0159edkovatelem a kupuj\u00edc\u00edm v oblasti prodeje zbo\u017e\u00ed. Pr\u00e1vn\u00ed vztahy prod\u00e1vaj\u00edc\u00edho s kupuj\u00edc\u00edm v\u00fdslovn\u011b neupraven\u00e9 t\u011bmito OP se \u0159\u00edd\u00ed p\u0159\u00edslu\u0161n\u00fdmi ustanoven\u00edmi z\u00e1kona \u010d.40\/1964 Sb., Ob\u010dansk\u00fd z\u00e1kon\u00edk, (d\u00e1le jen Z\u00e1kon) jako\u017e i p\u0159edpisy souvisej\u00edc\u00edmi. Prod\u00e1vaj\u00edc\u00edm (d\u00e1le jen Prodejce) je autor dan\u00e9ho obrazu, platba bude realizov\u00e1na [&hellip;]","og_url":"https:\/\/www.obrazykprodeji.cz\/?page_id=646","og_site_name":"Obrazy k prodeji","article_modified_time":"2020-11-24T17:13:58+00:00","twitter_card":"summary_large_image","twitter_misc":{"Odhadovan\u00e1 doba \u010dten\u00ed":"5 minut"},"schema":{"@context":"https:\/\/schema.org","@graph":[{"@type":"WebPage","@id":"https:\/\/www.obrazykprodeji.cz\/?page_id=646","url":"https:\/\/www.obrazykprodeji.cz\/?page_id=646","name":"Obchodn\u00ed podm\u00ednky - Obrazy k prodeji","isPartOf":{"@id":"https:\/\/www.obrazykprodeji.cz\/#website"},"datePublished":"2020-11-19T18:44:23+00:00","dateModified":"2020-11-24T17:13:58+00:00","breadcrumb":{"@id":"https:\/\/www.obrazykprodeji.cz\/?page_id=646#breadcrumb"},"inLanguage":"cs","potentialAction":[{"@type":"ReadAction","target":["https:\/\/www.obrazykprodeji.cz\/?page_id=646"]}]},{"@type":"BreadcrumbList","@id":"https:\/\/www.obrazykprodeji.cz\/?page_id=646#breadcrumb","itemListElement":[{"@type":"ListItem","position":1,"name":"Dom\u016f","item":"https:\/\/www.obrazykprodeji.cz\/"},{"@type":"ListItem","position":2,"name":"Obchodn\u00ed podm\u00ednky"}]},{"@type":"WebSite","@id":"https:\/\/www.obrazykprodeji.cz\/#website","url":"https:\/\/www.obrazykprodeji.cz\/","name":"Obrazy k prodeji","description":"Origin\u00e1ln\u00ed obrazy na prodej","potentialAction":[{"@type":"SearchAction","target":{"@type":"EntryPoint","urlTemplate":"https:\/\/www.obrazykprodeji.cz\/?s={search_term_string}"},"query-input":{"@type":"PropertyValueSpecification","valueRequired":true,"valueName":"search_term_string"}}],"inLanguage":"cs"}]}},"_links":{"self":[{"href":"https:\/\/www.obrazykprodeji.cz\/index.php?rest_route=\/wp\/v2\/pages\/646","targetHints":{"allow":["GET"]}}],"collection":[{"href":"https:\/\/www.obrazykprodeji.cz\/index.php?rest_route=\/wp\/v2\/pages"}],"about":[{"href":"https:\/\/www.obrazykprodeji.cz\/index.php?rest_route=\/wp\/v2\/types\/page"}],"author":[{"embeddable":true,"href":"https:\/\/www.obrazykprodeji.cz\/index.php?rest_route=\/wp\/v2\/users\/2"}],"replies":[{"embeddable":true,"href":"https:\/\/www.obrazykprodeji.cz\/index.php?rest_route=%2Fwp%2Fv2%2Fcomments&post=646"}],"version-history":[{"count":3,"href":"https:\/\/www.obrazykprodeji.cz\/index.php?rest_route=\/wp\/v2\/pages\/646\/revisions"}],"predecessor-version":[{"id":1359,"href":"https:\/\/www.obrazykprodeji.cz\/index.php?rest_route=\/wp\/v2\/pages\/646\/revisions\/1359"}],"wp:attachment":[{"href":"https:\/\/www.obrazykprodeji.cz\/index.php?rest_route=%2Fwp%2Fv2%2Fmedia&parent=646"}],"curies":[{"name":"wp","href":"https:\/\/api.w.org\/{rel}","templated":true}]}}