{"id":2109,"date":"2022-05-05T22:23:43","date_gmt":"2022-05-05T22:23:43","guid":{"rendered":"https:\/\/www.obrazykprodeji.cz\/?post_type=product&#038;p=2109"},"modified":"2023-03-05T19:51:04","modified_gmt":"2023-03-05T19:51:04","slug":"p-cezanne-kopie-zatisi-2","status":"publish","type":"product","link":"https:\/\/www.obrazykprodeji.cz\/?product=p-cezanne-kopie-zatisi-2","title":{"rendered":"P. C\u00e9zanne &#8211; kopie, Z\u00e1ti\u0161\u00ed"},"content":{"rendered":"","protected":false},"excerpt":{"rendered":"","protected":false},"featured_media":2111,"template":"","meta":[],"product_brand":[],"product_cat":[707],"product_tag":[],"class_list":{"0":"post-2109","1":"product","2":"type-product","3":"status-publish","4":"has-post-thumbnail","6":"product_cat-zatisi","8":"first","9":"instock","10":"shipping-taxable","11":"purchasable","12":"product-type-simple"},"yoast_head":"<!-- This site is optimized with the Yoast SEO plugin v27.4 - https:\/\/yoast.com\/product\/yoast-seo-wordpress\/ -->\n<title>P. C\u00e9zanne - kopie, Z\u00e1ti\u0161\u00ed - Obrazy k prodeji<\/title>\n<meta name=\"robots\" content=\"index, follow, max-snippet:-1, max-image-preview:large, max-video-preview:-1\" \/>\n<link rel=\"canonical\" href=\"https:\/\/www.obrazykprodeji.cz\/?product=p-cezanne-kopie-zatisi-2\" \/>\n<meta property=\"og:locale\" content=\"cs_CZ\" \/>\n<meta property=\"og:type\" content=\"article\" \/>\n<meta property=\"og:title\" content=\"P. C\u00e9zanne - kopie, Z\u00e1ti\u0161\u00ed - Obrazy k prodeji\" \/>\n<meta property=\"og:url\" content=\"https:\/\/www.obrazykprodeji.cz\/?product=p-cezanne-kopie-zatisi-2\" \/>\n<meta property=\"og:site_name\" content=\"Obrazy k prodeji\" \/>\n<meta property=\"article:modified_time\" content=\"2023-03-05T19:51:04+00:00\" \/>\n<meta property=\"og:image\" content=\"http:\/\/www.obrazykprodeji.cz\/wp-content\/uploads\/2022\/05\/20181025_204411-e1574552671858-scaled.jpg\" \/>\n\t<meta property=\"og:image:width\" content=\"2560\" \/>\n\t<meta property=\"og:image:height\" content=\"1916\" \/>\n\t<meta property=\"og:image:type\" content=\"image\/jpeg\" \/>\n<meta name=\"twitter:card\" content=\"summary_large_image\" \/>\n<script type=\"application\/ld+json\" class=\"yoast-schema-graph\">{\"@context\":\"https:\\\/\\\/schema.org\",\"@graph\":[{\"@type\":\"WebPage\",\"@id\":\"https:\\\/\\\/www.obrazykprodeji.cz\\\/?product=p-cezanne-kopie-zatisi-2\",\"url\":\"https:\\\/\\\/www.obrazykprodeji.cz\\\/?product=p-cezanne-kopie-zatisi-2\",\"name\":\"P. C\u00e9zanne - kopie, Z\u00e1ti\u0161\u00ed - Obrazy k prodeji\",\"isPartOf\":{\"@id\":\"https:\\\/\\\/www.obrazykprodeji.cz\\\/#website\"},\"primaryImageOfPage\":{\"@id\":\"https:\\\/\\\/www.obrazykprodeji.cz\\\/?product=p-cezanne-kopie-zatisi-2#primaryimage\"},\"image\":{\"@id\":\"https:\\\/\\\/www.obrazykprodeji.cz\\\/?product=p-cezanne-kopie-zatisi-2#primaryimage\"},\"thumbnailUrl\":\"https:\\\/\\\/www.obrazykprodeji.cz\\\/wp-content\\\/uploads\\\/2022\\\/05\\\/20181025_204411-e1574552671858-scaled.jpg\",\"datePublished\":\"2022-05-05T22:23:43+00:00\",\"dateModified\":\"2023-03-05T19:51:04+00:00\",\"breadcrumb\":{\"@id\":\"https:\\\/\\\/www.obrazykprodeji.cz\\\/?product=p-cezanne-kopie-zatisi-2#breadcrumb\"},\"inLanguage\":\"cs\",\"potentialAction\":[{\"@type\":\"ReadAction\",\"target\":[\"https:\\\/\\\/www.obrazykprodeji.cz\\\/?product=p-cezanne-kopie-zatisi-2\"]}]},{\"@type\":\"ImageObject\",\"inLanguage\":\"cs\",\"@id\":\"https:\\\/\\\/www.obrazykprodeji.cz\\\/?product=p-cezanne-kopie-zatisi-2#primaryimage\",\"url\":\"https:\\\/\\\/www.obrazykprodeji.cz\\\/wp-content\\\/uploads\\\/2022\\\/05\\\/20181025_204411-e1574552671858-scaled.jpg\",\"contentUrl\":\"https:\\\/\\\/www.obrazykprodeji.cz\\\/wp-content\\\/uploads\\\/2022\\\/05\\\/20181025_204411-e1574552671858-scaled.jpg\",\"width\":2560,\"height\":1916},{\"@type\":\"BreadcrumbList\",\"@id\":\"https:\\\/\\\/www.obrazykprodeji.cz\\\/?product=p-cezanne-kopie-zatisi-2#breadcrumb\",\"itemListElement\":[{\"@type\":\"ListItem\",\"position\":1,\"name\":\"Dom\u016f\",\"item\":\"https:\\\/\\\/www.obrazykprodeji.cz\\\/\"},{\"@type\":\"ListItem\",\"position\":2,\"name\":\"Produkty\",\"item\":\"https:\\\/\\\/www.obrazykprodeji.cz\\\/obchod\\\/\"},{\"@type\":\"ListItem\",\"position\":3,\"name\":\"P. C\u00e9zanne &#8211; kopie, Z\u00e1ti\u0161\u00ed\"}]},{\"@type\":\"WebSite\",\"@id\":\"https:\\\/\\\/www.obrazykprodeji.cz\\\/#website\",\"url\":\"https:\\\/\\\/www.obrazykprodeji.cz\\\/\",\"name\":\"Obrazy k prodeji\",\"description\":\"Origin\u00e1ln\u00ed obrazy na prodej\",\"potentialAction\":[{\"@type\":\"SearchAction\",\"target\":{\"@type\":\"EntryPoint\",\"urlTemplate\":\"https:\\\/\\\/www.obrazykprodeji.cz\\\/?s={search_term_string}\"},\"query-input\":{\"@type\":\"PropertyValueSpecification\",\"valueRequired\":true,\"valueName\":\"search_term_string\"}}],\"inLanguage\":\"cs\"}]}<\/script>\n<!-- \/ Yoast SEO plugin. -->","yoast_head_json":{"title":"P. C\u00e9zanne - kopie, Z\u00e1ti\u0161\u00ed - Obrazy k prodeji","robots":{"index":"index","follow":"follow","max-snippet":"max-snippet:-1","max-image-preview":"max-image-preview:large","max-video-preview":"max-video-preview:-1"},"canonical":"https:\/\/www.obrazykprodeji.cz\/?product=p-cezanne-kopie-zatisi-2","og_locale":"cs_CZ","og_type":"article","og_title":"P. C\u00e9zanne - kopie, Z\u00e1ti\u0161\u00ed - Obrazy k prodeji","og_url":"https:\/\/www.obrazykprodeji.cz\/?product=p-cezanne-kopie-zatisi-2","og_site_name":"Obrazy k prodeji","article_modified_time":"2023-03-05T19:51:04+00:00","og_image":[{"width":2560,"height":1916,"url":"http:\/\/www.obrazykprodeji.cz\/wp-content\/uploads\/2022\/05\/20181025_204411-e1574552671858-scaled.jpg","type":"image\/jpeg"}],"twitter_card":"summary_large_image","schema":{"@context":"https:\/\/schema.org","@graph":[{"@type":"WebPage","@id":"https:\/\/www.obrazykprodeji.cz\/?product=p-cezanne-kopie-zatisi-2","url":"https:\/\/www.obrazykprodeji.cz\/?product=p-cezanne-kopie-zatisi-2","name":"P. C\u00e9zanne - kopie, Z\u00e1ti\u0161\u00ed - Obrazy k prodeji","isPartOf":{"@id":"https:\/\/www.obrazykprodeji.cz\/#website"},"primaryImageOfPage":{"@id":"https:\/\/www.obrazykprodeji.cz\/?product=p-cezanne-kopie-zatisi-2#primaryimage"},"image":{"@id":"https:\/\/www.obrazykprodeji.cz\/?product=p-cezanne-kopie-zatisi-2#primaryimage"},"thumbnailUrl":"https:\/\/www.obrazykprodeji.cz\/wp-content\/uploads\/2022\/05\/20181025_204411-e1574552671858-scaled.jpg","datePublished":"2022-05-05T22:23:43+00:00","dateModified":"2023-03-05T19:51:04+00:00","breadcrumb":{"@id":"https:\/\/www.obrazykprodeji.cz\/?product=p-cezanne-kopie-zatisi-2#breadcrumb"},"inLanguage":"cs","potentialAction":[{"@type":"ReadAction","target":["https:\/\/www.obrazykprodeji.cz\/?product=p-cezanne-kopie-zatisi-2"]}]},{"@type":"ImageObject","inLanguage":"cs","@id":"https:\/\/www.obrazykprodeji.cz\/?product=p-cezanne-kopie-zatisi-2#primaryimage","url":"https:\/\/www.obrazykprodeji.cz\/wp-content\/uploads\/2022\/05\/20181025_204411-e1574552671858-scaled.jpg","contentUrl":"https:\/\/www.obrazykprodeji.cz\/wp-content\/uploads\/2022\/05\/20181025_204411-e1574552671858-scaled.jpg","width":2560,"height":1916},{"@type":"BreadcrumbList","@id":"https:\/\/www.obrazykprodeji.cz\/?product=p-cezanne-kopie-zatisi-2#breadcrumb","itemListElement":[{"@type":"ListItem","position":1,"name":"Dom\u016f","item":"https:\/\/www.obrazykprodeji.cz\/"},{"@type":"ListItem","position":2,"name":"Produkty","item":"https:\/\/www.obrazykprodeji.cz\/obchod\/"},{"@type":"ListItem","position":3,"name":"P. C\u00e9zanne &#8211; kopie, Z\u00e1ti\u0161\u00ed"}]},{"@type":"WebSite","@id":"https:\/\/www.obrazykprodeji.cz\/#website","url":"https:\/\/www.obrazykprodeji.cz\/","name":"Obrazy k prodeji","description":"Origin\u00e1ln\u00ed obrazy na prodej","potentialAction":[{"@type":"SearchAction","target":{"@type":"EntryPoint","urlTemplate":"https:\/\/www.obrazykprodeji.cz\/?s={search_term_string}"},"query-input":{"@type":"PropertyValueSpecification","valueRequired":true,"valueName":"search_term_string"}}],"inLanguage":"cs"}]}},"_links":{"self":[{"href":"https:\/\/www.obrazykprodeji.cz\/index.php?rest_route=\/wp\/v2\/product\/2109","targetHints":{"allow":["GET"]}}],"collection":[{"href":"https:\/\/www.obrazykprodeji.cz\/index.php?rest_route=\/wp\/v2\/product"}],"about":[{"href":"https:\/\/www.obrazykprodeji.cz\/index.php?rest_route=\/wp\/v2\/types\/product"}],"wp:featuredmedia":[{"embeddable":true,"href":"https:\/\/www.obrazykprodeji.cz\/index.php?rest_route=\/wp\/v2\/media\/2111"}],"wp:attachment":[{"href":"https:\/\/www.obrazykprodeji.cz\/index.php?rest_route=%2Fwp%2Fv2%2Fmedia&parent=2109"}],"wp:term":[{"taxonomy":"product_brand","embeddable":true,"href":"https:\/\/www.obrazykprodeji.cz\/index.php?rest_route=%2Fwp%2Fv2%2Fproduct_brand&post=2109"},{"taxonomy":"product_cat","embeddable":true,"href":"https:\/\/www.obrazykprodeji.cz\/index.php?rest_route=%2Fwp%2Fv2%2Fproduct_cat&post=2109"},{"taxonomy":"product_tag","embeddable":true,"href":"https:\/\/www.obrazykprodeji.cz\/index.php?rest_route=%2Fwp%2Fv2%2Fproduct_tag&post=2109"}],"curies":[{"name":"wp","href":"https:\/\/api.w.org\/{rel}","templated":true}]}}